{"id":4978,"date":"2020-10-25T08:28:12","date_gmt":"2020-10-25T07:28:12","guid":{"rendered":"https:\/\/aggiocat.pl\/?page_id=4978"},"modified":"2023-02-17T08:52:04","modified_gmt":"2023-02-17T07:52:04","slug":"doodoodoll-wystawy","status":"publish","type":"page","link":"https:\/\/aggiocat.pl\/en\/doodoodoll-wystawy\/","title":{"rendered":"DooDooDoll wystawy"},"content":{"rendered":"<div data-elementor-type=\"wp-page\" data-elementor-id=\"4978\" class=\"elementor elementor-4978\" data-elementor-post-type=\"page\">\n\t\t\t\t\t\t<section class=\"elementor-section elementor-top-section elementor-element elementor-element-c9e2395 elementor-section-full_width elementor-section-height-min-height elementor-section-height-default elementor-section-items-middle\" data-id=\"c9e2395\" data-element_type=\"section\" data-settings=\"{&quot;background_background&quot;:&quot;classic&quot;,&quot;shape_divider_bottom&quot;:&quot;wave-brush&quot;}\">\n\t\t\t\t\t\t\t<div class=\"elementor-background-overlay\"><\/div>\n\t\t\t\t\t\t<div class=\"elementor-shape elementor-shape-bottom\" data-negative=\"false\">\n\t\t\t<svg xmlns=\"http:\/\/www.w3.org\/2000\/svg\" viewbox=\"0 0 283.5 27.8\" preserveaspectratio=\"none\">\n\t<path class=\"elementor-shape-fill\" d=\"M283.5,9.7c0,0-7.3,4.3-14,4.6c-6.8,0.3-12.6,0-20.9-1.5c-11.3-2-33.1-10.1-44.7-5.7\ts-12.1,4.6-18,7.4c-6.6,3.2-20,9.6-36.6,9.3C131.6,23.5,99.5,7.2,86.3,8c-1.4,0.1-6.6,0.8-10.5,2c-3.8,1.2-9.4,3.8-17,4.7\tc-3.2,0.4-8.3,1.1-14.2,0.9c-1.5-0.1-6.3-0.4-12-1.6c-5.7-1.2-11-3.1-15.8-3.7C6.5,9.2,0,10.8,0,10.8V0h283.5V9.7z M260.8,11.3\tc-0.7-1-2-0.4-4.3-0.4c-2.3,0-6.1-1.2-5.8-1.1c0.3,0.1,3.1,1.5,6,1.9C259.7,12.2,261.4,12.3,260.8,11.3z M242.4,8.6\tc0,0-2.4-0.2-5.6-0.9c-3.2-0.8-10.3-2.8-15.1-3.5c-8.2-1.1-15.8,0-15.1,0.1c0.8,0.1,9.6-0.6,17.6,1.1c3.3,0.7,9.3,2.2,12.4,2.7\tC239.9,8.7,242.4,8.6,242.4,8.6z M185.2,8.5c1.7-0.7-13.3,4.7-18.5,6.1c-2.1,0.6-6.2,1.6-10,2c-3.9,0.4-8.9,0.4-8.8,0.5\tc0,0.2,5.8,0.8,11.2,0c5.4-0.8,5.2-1.1,7.6-1.6C170.5,14.7,183.5,9.2,185.2,8.5z M199.1,6.9c0.2,0-0.8-0.4-4.8,1.1\tc-4,1.5-6.7,3.5-6.9,3.7c-0.2,0.1,3.5-1.8,6.6-3C197,7.5,199,6.9,199.1,6.9z M283,6c-0.1,0.1-1.9,1.1-4.8,2.5s-6.9,2.8-6.7,2.7\tc0.2,0,3.5-0.6,7.4-2.5C282.8,6.8,283.1,5.9,283,6z M31.3,11.6c0.1-0.2-1.9-0.2-4.5-1.2s-5.4-1.6-7.8-2C15,7.6,7.3,8.5,7.7,8.6\tC8,8.7,15.9,8.3,20.2,9.3c2.2,0.5,2.4,0.5,5.7,1.6S31.2,11.9,31.3,11.6z M73,9.2c0.4-0.1,3.5-1.6,8.4-2.6c4.9-1.1,8.9-0.5,8.9-0.8\tc0-0.3-1-0.9-6.2-0.3S72.6,9.3,73,9.2z M71.6,6.7C71.8,6.8,75,5.4,77.3,5c2.3-0.3,1.9-0.5,1.9-0.6c0-0.1-1.1-0.2-2.7,0.2\tC74.8,5.1,71.4,6.6,71.6,6.7z M93.6,4.4c0.1,0.2,3.5,0.8,5.6,1.8c2.1,1,1.8,0.6,1.9,0.5c0.1-0.1-0.8-0.8-2.4-1.3\tC97.1,4.8,93.5,4.2,93.6,4.4z M65.4,11.1c-0.1,0.3,0.3,0.5,1.9-0.2s2.6-1.3,2.2-1.2s-0.9,0.4-2.5,0.8C65.3,10.9,65.5,10.8,65.4,11.1\tz M34.5,12.4c-0.2,0,2.1,0.8,3.3,0.9c1.2,0.1,2,0.1,2-0.2c0-0.3-0.1-0.5-1.6-0.4C36.6,12.8,34.7,12.4,34.5,12.4z M152.2,21.1\tc-0.1,0.1-2.4-0.3-7.5-0.3c-5,0-13.6-2.4-17.2-3.5c-3.6-1.1,10,3.9,16.5,4.1C150.5,21.6,152.3,21,152.2,21.1z\"\/>\n\t<path class=\"elementor-shape-fill\" d=\"M269.6,18c-0.1-0.1-4.6,0.3-7.2,0c-7.3-0.7-17-3.2-16.6-2.9c0.4,0.3,13.7,3.1,17,3.3\tC267.7,18.8,269.7,18,269.6,18z\"\/>\n\t<path class=\"elementor-shape-fill\" d=\"M227.4,9.8c-0.2-0.1-4.5-1-9.5-1.2c-5-0.2-12.7,0.6-12.3,0.5c0.3-0.1,5.9-1.8,13.3-1.2\tS227.6,9.9,227.4,9.8z\"\/>\n\t<path class=\"elementor-shape-fill\" d=\"M204.5,13.4c-0.1-0.1,2-1,3.2-1.1c1.2-0.1,2,0,2,0.3c0,0.3-0.1,0.5-1.6,0.4\tC206.4,12.9,204.6,13.5,204.5,13.4z\"\/>\n\t<path class=\"elementor-shape-fill\" d=\"M201,10.6c0-0.1-4.4,1.2-6.3,2.2c-1.9,0.9-6.2,3.1-6.1,3.1c0.1,0.1,4.2-1.6,6.3-2.6\tS201,10.7,201,10.6z\"\/>\n\t<path class=\"elementor-shape-fill\" d=\"M154.5,26.7c-0.1-0.1-4.6,0.3-7.2,0c-7.3-0.7-17-3.2-16.6-2.9c0.4,0.3,13.7,3.1,17,3.3\tC152.6,27.5,154.6,26.8,154.5,26.7z\"\/>\n\t<path class=\"elementor-shape-fill\" d=\"M41.9,19.3c0,0,1.2-0.3,2.9-0.1c1.7,0.2,5.8,0.9,8.2,0.7c4.2-0.4,7.4-2.7,7-2.6\tc-0.4,0-4.3,2.2-8.6,1.9c-1.8-0.1-5.1-0.5-6.7-0.4S41.9,19.3,41.9,19.3z\"\/>\n\t<path class=\"elementor-shape-fill\" d=\"M75.5,12.6c0.2,0.1,2-0.8,4.3-1.1c2.3-0.2,2.1-0.3,2.1-0.5c0-0.1-1.8-0.4-3.4,0\tC76.9,11.5,75.3,12.5,75.5,12.6z\"\/>\n\t<path class=\"elementor-shape-fill\" d=\"M15.6,13.2c0-0.1,4.3,0,6.7,0.5c2.4,0.5,5,1.9,5,2c0,0.1-2.7-0.8-5.1-1.4\tC19.9,13.7,15.7,13.3,15.6,13.2z\"\/>\n<\/svg>\t\t<\/div>\n\t\t\t\t\t<div class=\"elementor-container elementor-column-gap-no\">\n\t\t\t\t\t<div class=\"elementor-column elementor-col-100 elementor-top-column elementor-element elementor-element-fcb5e69\" data-id=\"fcb5e69\" data-element_type=\"column\">\n\t\t\t<div class=\"elementor-widget-wrap elementor-element-populated\">\n\t\t\t\t\t\t<div class=\"elementor-element elementor-element-6701cfbc elementor-invisible elementor-widget elementor-widget-gerlong-title\" data-id=\"6701cfbc\" data-element_type=\"widget\" data-settings=\"{&quot;_animation&quot;:&quot;fadeInDown&quot;,&quot;_animation_delay&quot;:200}\" data-widget_type=\"gerlong-title.default\">\n\t\t\t\t<div class=\"elementor-widget-container\">\n\t\t\t\t\t<h2 class=\"content-title\">DooDooDoll- Wystawy<\/h2>\t\t\t\t<\/div>\n\t\t\t\t<\/div>\n\t\t\t\t\t<\/div>\n\t\t<\/div>\n\t\t\t\t\t<\/div>\n\t\t<\/section>\n\t\t\t\t<section class=\"elementor-section elementor-top-section elementor-element elementor-element-2d37829 elementor-section-boxed elementor-section-height-default elementor-section-height-default\" data-id=\"2d37829\" data-element_type=\"section\">\n\t\t\t\t\t\t<div class=\"elementor-container elementor-column-gap-default\">\n\t\t\t\t\t<div class=\"elementor-column elementor-col-100 elementor-top-column elementor-element elementor-element-da17d21\" data-id=\"da17d21\" data-element_type=\"column\">\n\t\t\t<div class=\"elementor-widget-wrap elementor-element-populated\">\n\t\t\t\t\t\t<div class=\"elementor-element elementor-element-0a6005b elementor-widget elementor-widget-heading\" data-id=\"0a6005b\" data-element_type=\"widget\" data-widget_type=\"heading.default\">\n\t\t\t\t<div class=\"elementor-widget-container\">\n\t\t\t\t\t<h2 class=\"elementor-heading-title elementor-size-default\">wystawy wcf<\/h2>\t\t\t\t<\/div>\n\t\t\t\t<\/div>\n\t\t\t\t\t<\/div>\n\t\t<\/div>\n\t\t\t\t\t<\/div>\n\t\t<\/section>\n\t\t\t\t<section class=\"elementor-section elementor-top-section elementor-element elementor-element-f426b51 elementor-section-boxed elementor-section-height-default elementor-section-height-default\" data-id=\"f426b51\" data-element_type=\"section\">\n\t\t\t\t\t\t<div class=\"elementor-container elementor-column-gap-default\">\n\t\t\t\t\t<div class=\"elementor-column elementor-col-100 elementor-top-column elementor-element elementor-element-5cb3a07\" data-id=\"5cb3a07\" data-element_type=\"column\">\n\t\t\t<div class=\"elementor-widget-wrap elementor-element-populated\">\n\t\t\t\t\t\t<div class=\"elementor-element elementor-element-0933427 elementor-widget elementor-widget-text-editor\" data-id=\"0933427\" data-element_type=\"widget\" data-widget_type=\"text-editor.default\">\n\t\t\t\t<div class=\"elementor-widget-container\">\n\t\t\t\t\t\t\t\t\t<table style=\"border-collapse: collapse; width: 101.484%;\"><tbody><tr><td style=\"width: 15.3589%;\"><span style=\"font-size: 10pt; color: #0000ff;\"><strong>data<\/strong><\/span><\/td><td style=\"width: 12.5209%;\"><span style=\"font-size: 10pt; color: #0000ff;\"><strong>klub WCF<\/strong><\/span><\/td><td style=\"width: 13.5225%;\"><span style=\"font-size: 10pt; color: #0000ff;\"><strong>miasto<\/strong><\/span><\/td><td style=\"width: 38.0634%;\"><span style=\"font-size: 10pt; color: #0000ff;\"><strong>s\u0119dzia WCF<\/strong><\/span><\/td><td style=\"width: 22.0367%;\"><p><span style=\"font-size: 10pt; color: #0000ff;\"><strong>tytu\u0142<\/strong><\/span><\/p><\/td><\/tr><tr><td style=\"width: 101.502%;\" colspan=\"5\">13 &#8211; OPEN CLASS UNNEUTER 10 MONTH+CAC &#8211; KLASA OTWARTA CERTYFIKAT\u00a0CAC<\/td><\/tr><tr><td style=\"width: 15.3589%;\">17.10.2020<\/td><td style=\"width: 12.5209%;\">\u00a0PZF<\/td><td style=\"width: 13.5225%;\">Pruszk\u00f3w<\/td><td style=\"width: 38.0634%;\">Magdalena \u015awiatowiak, PL<br \/><br \/><\/td><td style=\"width: 22.0367%;\">CAC, nom BIS, BIS<\/td><\/tr><tr><td style=\"width: 15.3589%;\">18.10.2020<\/td><td style=\"width: 12.5209%;\">\u00a0PZF<\/td><td style=\"width: 13.5225%;\">Pruszk\u00f3w<\/td><td style=\"width: 38.0634%;\" width=\"194\">Kaai Du Plessis, NL<\/td><td style=\"width: 22.0367%;\">CAC, nom BIS, BIS<\/td><\/tr><tr><td style=\"width: 15.3589%;\">\u00a0<\/td><td style=\"width: 12.5209%;\">\u00a0<\/td><td style=\"width: 13.5225%;\">\u00a0<\/td><td style=\"width: 38.0634%;\">\u00a0<\/td><td style=\"width: 22.0367%;\">\u00a0<\/td><\/tr><tr><td style=\"width: 15.3589%;\">\u00a0<\/td><td style=\"width: 12.5209%;\">\u00a0<\/td><td style=\"width: 13.5225%;\">\u00a0<\/td><td style=\"width: 38.0634%;\">\u00a0<\/td><td style=\"width: 22.0367%;\">\u00a0<\/td><\/tr><tr><td style=\"width: 15.3589%;\">\u00a0<\/td><td style=\"width: 12.5209%;\">\u00a0<\/td><td style=\"width: 13.5225%;\">\u00a0<\/td><td style=\"width: 38.0634%;\">\u00a0<\/td><td style=\"width: 22.0367%;\">\u00a0<\/td><\/tr><\/tbody><\/table>\t\t\t\t\t\t\t\t<\/div>\n\t\t\t\t<\/div>\n\t\t\t\t\t<\/div>\n\t\t<\/div>\n\t\t\t\t\t<\/div>\n\t\t<\/section>\n\t\t\t\t<\/div>","protected":false},"excerpt":{"rendered":"<p>DooDooDoll- Wystawy wystawy wcf data klub WCF miasto s\u0119dzia WCF tytu\u0142 13 &#8211; OPEN CLASS UNNEUTER 10 MONTH+CAC &#8211; KLASA OTWARTA CERTYFIKAT\u00a0CAC 17.10.2020 PZF Pruszk\u00f3w Magdalena \u015awiatowiak, PL CAC, nom BIS, BIS 18.10.2020 PZF Pruszk\u00f3w Kaai Du Plessis, NL CAC, nom BIS, BIS \u00a0 \u00a0 \u00a0 \u00a0 \u00a0 \u00a0 \u00a0 \u00a0 \u00a0 \u00a0 \u00a0 \u00a0 \u00a0 \u00a0 \u00a0<\/p>","protected":false},"author":1,"featured_media":0,"parent":0,"menu_order":0,"comment_status":"closed","ping_status":"closed","template":"blank-builder.php","meta":{"inline_featured_image":false,"footnotes":""},"class_list":["post-4978","page","type-page","status-publish","hentry"],"_links":{"self":[{"href":"https:\/\/aggiocat.pl\/en\/wp-json\/wp\/v2\/pages\/4978","targetHints":{"allow":["GET"]}}],"collection":[{"href":"https:\/\/aggiocat.pl\/en\/wp-json\/wp\/v2\/pages"}],"about":[{"href":"https:\/\/aggiocat.pl\/en\/wp-json\/wp\/v2\/types\/page"}],"author":[{"embeddable":true,"href":"https:\/\/aggiocat.pl\/en\/wp-json\/wp\/v2\/users\/1"}],"replies":[{"embeddable":true,"href":"https:\/\/aggiocat.pl\/en\/wp-json\/wp\/v2\/comments?post=4978"}],"version-history":[{"count":13,"href":"https:\/\/aggiocat.pl\/en\/wp-json\/wp\/v2\/pages\/4978\/revisions"}],"predecessor-version":[{"id":6977,"href":"https:\/\/aggiocat.pl\/en\/wp-json\/wp\/v2\/pages\/4978\/revisions\/6977"}],"wp:attachment":[{"href":"https:\/\/aggiocat.pl\/en\/wp-json\/wp\/v2\/media?parent=4978"}],"curies":[{"name":"wp","href":"https:\/\/api.w.org\/{rel}","templated":true}]}}