{"id":1690,"date":"2018-08-08T08:53:02","date_gmt":"2018-08-08T06:53:02","guid":{"rendered":"https:\/\/aggiocat.pl\/?page_id=1690"},"modified":"2021-09-22T10:01:49","modified_gmt":"2021-09-22T08:01:49","slug":"cerilla-wystawy","status":"publish","type":"page","link":"https:\/\/aggiocat.pl\/en\/cerilla-wystawy\/","title":{"rendered":"Cerilla Wystawy"},"content":{"rendered":"<div data-elementor-type=\"wp-post\" data-elementor-id=\"1690\" class=\"elementor elementor-1690\" data-elementor-post-type=\"page\">\n\t\t\t\t\t\t<section class=\"elementor-section elementor-top-section elementor-element elementor-element-c9e2395 elementor-section-full_width elementor-section-height-min-height elementor-section-height-default elementor-section-items-middle\" data-id=\"c9e2395\" data-element_type=\"section\" data-settings=\"{&quot;background_background&quot;:&quot;classic&quot;,&quot;shape_divider_bottom&quot;:&quot;wave-brush&quot;}\">\n\t\t\t\t\t\t\t<div class=\"elementor-background-overlay\"><\/div>\n\t\t\t\t\t\t<div class=\"elementor-shape elementor-shape-bottom\" data-negative=\"false\">\n\t\t\t<svg xmlns=\"http:\/\/www.w3.org\/2000\/svg\" viewbox=\"0 0 283.5 27.8\" preserveaspectratio=\"none\">\n\t<path class=\"elementor-shape-fill\" d=\"M283.5,9.7c0,0-7.3,4.3-14,4.6c-6.8,0.3-12.6,0-20.9-1.5c-11.3-2-33.1-10.1-44.7-5.7\ts-12.1,4.6-18,7.4c-6.6,3.2-20,9.6-36.6,9.3C131.6,23.5,99.5,7.2,86.3,8c-1.4,0.1-6.6,0.8-10.5,2c-3.8,1.2-9.4,3.8-17,4.7\tc-3.2,0.4-8.3,1.1-14.2,0.9c-1.5-0.1-6.3-0.4-12-1.6c-5.7-1.2-11-3.1-15.8-3.7C6.5,9.2,0,10.8,0,10.8V0h283.5V9.7z M260.8,11.3\tc-0.7-1-2-0.4-4.3-0.4c-2.3,0-6.1-1.2-5.8-1.1c0.3,0.1,3.1,1.5,6,1.9C259.7,12.2,261.4,12.3,260.8,11.3z M242.4,8.6\tc0,0-2.4-0.2-5.6-0.9c-3.2-0.8-10.3-2.8-15.1-3.5c-8.2-1.1-15.8,0-15.1,0.1c0.8,0.1,9.6-0.6,17.6,1.1c3.3,0.7,9.3,2.2,12.4,2.7\tC239.9,8.7,242.4,8.6,242.4,8.6z M185.2,8.5c1.7-0.7-13.3,4.7-18.5,6.1c-2.1,0.6-6.2,1.6-10,2c-3.9,0.4-8.9,0.4-8.8,0.5\tc0,0.2,5.8,0.8,11.2,0c5.4-0.8,5.2-1.1,7.6-1.6C170.5,14.7,183.5,9.2,185.2,8.5z M199.1,6.9c0.2,0-0.8-0.4-4.8,1.1\tc-4,1.5-6.7,3.5-6.9,3.7c-0.2,0.1,3.5-1.8,6.6-3C197,7.5,199,6.9,199.1,6.9z M283,6c-0.1,0.1-1.9,1.1-4.8,2.5s-6.9,2.8-6.7,2.7\tc0.2,0,3.5-0.6,7.4-2.5C282.8,6.8,283.1,5.9,283,6z M31.3,11.6c0.1-0.2-1.9-0.2-4.5-1.2s-5.4-1.6-7.8-2C15,7.6,7.3,8.5,7.7,8.6\tC8,8.7,15.9,8.3,20.2,9.3c2.2,0.5,2.4,0.5,5.7,1.6S31.2,11.9,31.3,11.6z M73,9.2c0.4-0.1,3.5-1.6,8.4-2.6c4.9-1.1,8.9-0.5,8.9-0.8\tc0-0.3-1-0.9-6.2-0.3S72.6,9.3,73,9.2z M71.6,6.7C71.8,6.8,75,5.4,77.3,5c2.3-0.3,1.9-0.5,1.9-0.6c0-0.1-1.1-0.2-2.7,0.2\tC74.8,5.1,71.4,6.6,71.6,6.7z M93.6,4.4c0.1,0.2,3.5,0.8,5.6,1.8c2.1,1,1.8,0.6,1.9,0.5c0.1-0.1-0.8-0.8-2.4-1.3\tC97.1,4.8,93.5,4.2,93.6,4.4z M65.4,11.1c-0.1,0.3,0.3,0.5,1.9-0.2s2.6-1.3,2.2-1.2s-0.9,0.4-2.5,0.8C65.3,10.9,65.5,10.8,65.4,11.1\tz M34.5,12.4c-0.2,0,2.1,0.8,3.3,0.9c1.2,0.1,2,0.1,2-0.2c0-0.3-0.1-0.5-1.6-0.4C36.6,12.8,34.7,12.4,34.5,12.4z M152.2,21.1\tc-0.1,0.1-2.4-0.3-7.5-0.3c-5,0-13.6-2.4-17.2-3.5c-3.6-1.1,10,3.9,16.5,4.1C150.5,21.6,152.3,21,152.2,21.1z\"\/>\n\t<path class=\"elementor-shape-fill\" d=\"M269.6,18c-0.1-0.1-4.6,0.3-7.2,0c-7.3-0.7-17-3.2-16.6-2.9c0.4,0.3,13.7,3.1,17,3.3\tC267.7,18.8,269.7,18,269.6,18z\"\/>\n\t<path class=\"elementor-shape-fill\" d=\"M227.4,9.8c-0.2-0.1-4.5-1-9.5-1.2c-5-0.2-12.7,0.6-12.3,0.5c0.3-0.1,5.9-1.8,13.3-1.2\tS227.6,9.9,227.4,9.8z\"\/>\n\t<path class=\"elementor-shape-fill\" d=\"M204.5,13.4c-0.1-0.1,2-1,3.2-1.1c1.2-0.1,2,0,2,0.3c0,0.3-0.1,0.5-1.6,0.4\tC206.4,12.9,204.6,13.5,204.5,13.4z\"\/>\n\t<path class=\"elementor-shape-fill\" d=\"M201,10.6c0-0.1-4.4,1.2-6.3,2.2c-1.9,0.9-6.2,3.1-6.1,3.1c0.1,0.1,4.2-1.6,6.3-2.6\tS201,10.7,201,10.6z\"\/>\n\t<path class=\"elementor-shape-fill\" d=\"M154.5,26.7c-0.1-0.1-4.6,0.3-7.2,0c-7.3-0.7-17-3.2-16.6-2.9c0.4,0.3,13.7,3.1,17,3.3\tC152.6,27.5,154.6,26.8,154.5,26.7z\"\/>\n\t<path class=\"elementor-shape-fill\" d=\"M41.9,19.3c0,0,1.2-0.3,2.9-0.1c1.7,0.2,5.8,0.9,8.2,0.7c4.2-0.4,7.4-2.7,7-2.6\tc-0.4,0-4.3,2.2-8.6,1.9c-1.8-0.1-5.1-0.5-6.7-0.4S41.9,19.3,41.9,19.3z\"\/>\n\t<path class=\"elementor-shape-fill\" d=\"M75.5,12.6c0.2,0.1,2-0.8,4.3-1.1c2.3-0.2,2.1-0.3,2.1-0.5c0-0.1-1.8-0.4-3.4,0\tC76.9,11.5,75.3,12.5,75.5,12.6z\"\/>\n\t<path class=\"elementor-shape-fill\" d=\"M15.6,13.2c0-0.1,4.3,0,6.7,0.5c2.4,0.5,5,1.9,5,2c0,0.1-2.7-0.8-5.1-1.4\tC19.9,13.7,15.7,13.3,15.6,13.2z\"\/>\n<\/svg>\t\t<\/div>\n\t\t\t\t\t<div class=\"elementor-container elementor-column-gap-no\">\n\t\t\t\t\t<div class=\"elementor-column elementor-col-100 elementor-top-column elementor-element elementor-element-fcb5e69\" data-id=\"fcb5e69\" data-element_type=\"column\">\n\t\t\t<div class=\"elementor-widget-wrap elementor-element-populated\">\n\t\t\t\t\t\t<div class=\"elementor-element elementor-element-6701cfbc elementor-invisible elementor-widget elementor-widget-gerlong-title\" data-id=\"6701cfbc\" data-element_type=\"widget\" data-settings=\"{&quot;_animation&quot;:&quot;fadeInDown&quot;,&quot;_animation_delay&quot;:200}\" data-widget_type=\"gerlong-title.default\">\n\t\t\t\t<div class=\"elementor-widget-container\">\n\t\t\t\t\t<h2 class=\"content-title\">Cerilla - Wystawy<\/h2>\t\t\t\t<\/div>\n\t\t\t\t<\/div>\n\t\t\t\t\t<\/div>\n\t\t<\/div>\n\t\t\t\t\t<\/div>\n\t\t<\/section>\n\t\t\t\t<section class=\"elementor-section elementor-top-section elementor-element elementor-element-c360c60 elementor-section-boxed elementor-section-height-default elementor-section-height-default\" data-id=\"c360c60\" data-element_type=\"section\">\n\t\t\t\t\t\t<div class=\"elementor-container elementor-column-gap-default\">\n\t\t\t\t\t<div class=\"elementor-column elementor-col-100 elementor-top-column elementor-element elementor-element-8581269\" data-id=\"8581269\" data-element_type=\"column\">\n\t\t\t<div class=\"elementor-widget-wrap elementor-element-populated\">\n\t\t\t\t\t\t<div class=\"elementor-element elementor-element-bc38796 elementor-widget elementor-widget-text-editor\" data-id=\"bc38796\" data-element_type=\"widget\" data-widget_type=\"text-editor.default\">\n\t\t\t\t<div class=\"elementor-widget-container\">\n\t\t\t\t\t\t\t\t\t<table width=\"1120\"><tbody><tr><td width=\"300\"><span style=\"color: #0000ff;\"><strong><span style=\"font-size: 12pt;\">data<\/span><\/strong><\/span><\/td><td width=\"160\"><span style=\"font-size: 12pt; color: #0000ff;\"><strong>klub FIFe<\/strong><\/span><\/td><td width=\"270\"><span style=\"font-size: 12pt; color: #0000ff;\"><strong>miasto<\/strong><\/span><\/td><td width=\"271\"><span style=\"font-size: 12pt; color: #0000ff;\"><strong>s\u0119dzia<\/strong><\/span><\/td><td width=\"347\"><span style=\"font-size: 12pt; color: #0000ff;\"><strong>tytu\u0142<\/strong><\/span><\/td><\/tr><tr><td colspan=\"5\"><strong><span style=\"font-size: 10pt;\">12\u00a0&#8211; <span style=\"color: #000000;\">Klasa <\/span>( 4-7 m-cy) &#8211; koci\u0119ta<\/span><\/strong><\/td><\/tr><tr><td><span style=\"font-size: 10pt; color: #000000;\">sobota, 3 czerwiec 2017<\/span><\/td><td><span style=\"font-size: 10pt; color: #000000;\">KKF<\/span><\/td><td><span style=\"font-size: 10pt; color: #000000;\">Krak\u00f3w<\/span><\/td><td><span style=\"font-size: 10pt; color: #000000;\">Mrs. Pia Nyman, (FI)<\/span><\/td><td><span style=\"font-size: 10pt; color: #000000;\">Ex 1, NOM<\/span><\/td><\/tr><tr><td><span style=\"font-size: 10pt; color: #000000;\">niedziela, 4 czerwiec 2017<\/span><\/td><td><span style=\"font-size: 10pt; color: #000000;\">KKF<\/span><\/td><td><span style=\"font-size: 10pt; color: #000000;\">Krak\u00f3w<\/span><\/td><td><span style=\"font-size: 10pt; color: #000000;\">Mrs. Dorte Kaae (DK)<\/span><\/td><td><span style=\"font-size: 10pt; color: #000000;\">Ex 1<\/span><\/td><\/tr><tr><td><span style=\"font-size: 10pt; color: #000000;\">sobota, 29 lipiec 2017<\/span><\/td><td><span style=\"font-size: 10pt; color: #000000;\">CCA<\/span><\/td><td><span style=\"font-size: 10pt; color: #000000;\">Sopot<\/span><\/td><td><span style=\"font-size: 10pt; color: #000000;\">Mr. Marcin Biernaczyk (PL)<\/span><\/td><td><span style=\"font-size: 10pt; color: #000000;\">Ex 1<\/span><\/td><\/tr><tr><td><span style=\"font-size: 10pt; color: #000000;\">niedziela, 30 lipiec 2017<\/span><\/td><td><span style=\"font-size: 10pt; color: #000000;\">CCA<\/span><\/td><td><span style=\"font-size: 10pt; color: #000000;\">Sopot<\/span><\/td><td><span style=\"font-size: 10pt; color: #000000;\">Mrs. Thea Friskovec (CH)<\/span><\/td><td><span style=\"font-size: 10pt; color: #000000;\">Ex 1<\/span><\/td><\/tr><tr><td colspan=\"5\"><span style=\"font-size: 10pt; color: #000000;\"><strong>09\u00a0&#8211; Klasa otwarta &#8211; Certyfikat na CH &#8222;CAC&#8221;<\/strong><\/span><\/td><\/tr><tr><td><span style=\"font-size: 10pt; color: #000000;\">sobota, 2 grudzie\u0144 2017<\/span><\/td><td><span style=\"font-size: 10pt; color: #000000;\">EKKR<\/span><\/td><td><span style=\"font-size: 10pt; color: #000000;\">Warszawa, AWF<\/span><\/td><td><span style=\"font-size: 10pt; color: #000000;\">Mr. Luigi Comorio (IT)<\/span><\/td><td><span style=\"font-size: 10pt; color: #000000;\">Ex 1, CAC<\/span><\/td><\/tr><tr><td><span style=\"font-size: 10pt; color: #000000;\">niedziela, 3 grudzie\u0144 2017<\/span><\/td><td><span style=\"font-size: 10pt; color: #000000;\">EKKR<\/span><\/td><td><span style=\"font-size: 10pt; color: #000000;\">Warszawa, AWF<\/span><\/td><td><span style=\"font-size: 10pt; color: #000000;\">Mr. Ad de Bruijn (NL)<\/span><\/td><td><span style=\"font-size: 10pt; color: #000000;\">Ex 1, CAC<\/span><\/td><\/tr><tr><td><span style=\"font-size: 10pt; color: #000000;\">sobota, 20 stycze\u0144 2018<\/span><\/td><td><span style=\"font-size: 10pt; color: #000000;\">SMK1<\/span><\/td><td><span style=\"font-size: 10pt; color: #000000;\">Warszawa, SMK1<\/span><\/td><td><span style=\"font-size: 10pt; color: #000000;\">Mr. Veikko Saarela, FI<\/span><\/td><td><span style=\"font-size: 10pt; color: #000000;\">Ex 1, CAC, NOM BIS<\/span><\/td><\/tr><tr><td colspan=\"5\"><span style=\"font-size: 10pt; color: #000000;\"><strong>07\u00a0&#8211; IC (International Champion) &#8211; Certyfikat na IC &#8222;CACIB&#8221;<\/strong><\/span><\/td><\/tr><tr><td><span style=\"font-size: 10pt; color: #000000;\">niedziela, 21 stycze\u0144 2018<\/span><\/td><td><span style=\"font-size: 10pt; color: #000000;\">SMK1<\/span><\/td><td><span style=\"font-size: 10pt; color: #000000;\">Warszawa, SMK1<\/span><\/td><td><span style=\"font-size: 10pt; color: #000000;\">Mrs. Marzena W\u0142odarska, PL<\/span><\/td><td><span style=\"font-size: 10pt; color: #000000;\">Ex 1, CACIB, BIS<\/span><\/td><\/tr><tr><td><span style=\"font-size: 10pt; color: #000000;\">sobota, 10 luty 2018<\/span><\/td><td><span style=\"font-size: 10pt; color: #000000;\"><a style=\"color: #000000;\" href=\"http:\/\/www.schk.cz\/\">CSCH<\/a><\/span><\/td><td><span style=\"font-size: 10pt; color: #000000;\">Praga, Czechy<\/span><\/td><td><span style=\"font-size: 10pt; color: #000000;\">Mr. Vladimir Isakov, BY<\/span><\/td><td><span style=\"font-size: 10pt; color: #000000;\">Ex 1, CACIB, BIV, NOM BIS<\/span><\/td><\/tr><tr><td><span style=\"font-size: 10pt; color: #000000;\">niedziela, 11 luty 2018<\/span><\/td><td><span style=\"font-size: 10pt; color: #000000;\"><a style=\"color: #000000;\" href=\"http:\/\/www.schk.cz\/\">CSCH<\/a><\/span><\/td><td><span style=\"font-size: 10pt; color: #000000;\">Praga, Czechy<\/span><\/td><td><span style=\"font-size: 10pt; color: #000000;\">Mr. Dietmar Sagurski, DE<\/span><\/td><td><span style=\"font-size: 10pt; color: #000000;\">Ex 1, CACIB, BIV<\/span><\/td><\/tr><tr><td colspan=\"5\"><span style=\"font-size: 10pt; color: #000000;\"><strong>05\u00a0&#8211; Klasa International Champion (IC) &#8211; Certyfikat na GIC &#8222;CAGCIB&#8221;<\/strong><\/span><\/td><\/tr><tr><td><span style=\"font-size: 10pt; color: #000000;\">niedziela, 24 luty 2018<\/span><\/td><td><span style=\"font-size: 10pt; color: #000000;\">EKKR<\/span><\/td><td><span style=\"font-size: 10pt; color: #000000;\">Warszawa, Stadion Narodowy<\/span><\/td><td><span style=\"font-size: 10pt; color: #000000;\">Mrs. Ulrika Eriksson, SE<\/span><\/td><td><span style=\"font-size: 10pt; color: #000000;\">Ex 2<\/span><\/td><\/tr><tr><td><span style=\"font-size: 10pt; color: #000000;\">niedziela, 25 luty 2018<\/span><\/td><td><span style=\"font-size: 10pt; color: #000000;\">EKKR<\/span><\/td><td><span style=\"font-size: 10pt; color: #000000;\">Warszawa, Stadion Narodowy<\/span><\/td><td><span style=\"font-size: 10pt; color: #000000;\">Mrs. Helene Lis, SE<\/span><\/td><td><span style=\"font-size: 10pt; color: #000000;\">Ex 1, CAGCIB, NOM BIS<\/span><\/td><\/tr><tr><td><span style=\"font-size: 10pt; color: #000000;\">sobota, 3 marzec 2018<\/span><\/td><td><span style=\"font-size: 10pt; color: #000000;\">Bubaste<\/span><\/td><td><span style=\"font-size: 10pt; color: #000000;\">Vilno, Litwa<\/span><\/td><td><span style=\"font-size: 10pt; color: #000000;\">Mrs. Ulrika Eriksson, SE<\/span><\/td><td><span style=\"font-size: 10pt; color: #000000;\">Ex 1, CAGCIB<\/span><\/td><\/tr><tr><td><span style=\"font-size: 10pt; color: #000000;\">niedziela, 4 marzec 2018<\/span><\/td><td><span style=\"font-size: 10pt; color: #000000;\">Bubaste<\/span><\/td><td><span style=\"font-size: 10pt; color: #000000;\">Vilno, Litwa<\/span><\/td><td><span style=\"font-size: 10pt; color: #000000;\">Mrs. Thea Friskovec (CH)<\/span><\/td><td><span style=\"font-size: 10pt; color: #000000;\">Ex 1, CAGCIB<\/span><\/td><\/tr><tr><td><span style=\"font-size: 10pt; color: #000000;\">\u00a0<\/span><\/td><td><span style=\"font-size: 10pt; color: #000000;\">\u00a0<\/span><\/td><td><span style=\"font-size: 10pt; color: #000000;\">\u00a0<\/span><\/td><td><span style=\"font-size: 10pt; color: #000000;\">\u00a0<\/span><\/td><td><span style=\"font-size: 10pt; color: #000000;\">\u00a0<\/span><\/td><\/tr><\/tbody><\/table><table width=\"1120\"><tbody><tr><td width=\"300\"><span style=\"font-size: 12pt; color: #008000;\"><strong>data<\/strong><\/span><\/td><td width=\"160\"><span style=\"font-size: 12pt; color: #008000;\"><strong>klub WCF<\/strong><\/span><\/td><td width=\"270\"><span style=\"font-size: 12pt; color: #008000;\"><strong>miasto<\/strong><\/span><\/td><td width=\"271\"><span style=\"font-size: 12pt; color: #008000;\"><strong>s\u0119dzia<\/strong><\/span><\/td><td width=\"347\"><span style=\"font-size: 12pt; color: #008000;\"><strong>tytu\u0142<\/strong><\/span><\/td><\/tr><tr><td colspan=\"5\"><span style=\"font-size: 10pt; color: #000000;\"><strong>15 &#8211; YOUTH CLASS 6+ TO 10 MONTH &#8211; KLASA M\u0141ODZIE\u017bY-\u00a0EX<\/strong><\/span><\/td><\/tr><tr><td><span style=\"font-size: 10pt; color: #000000;\">sobota, 16 wrzesie\u0144 2017<\/span><\/td><td><span style=\"font-size: 10pt; color: #000000;\">SHK<\/span><\/td><td><span style=\"font-size: 10pt; color: #000000;\">Toru\u0144<\/span><\/td><td><span style=\"font-size: 10pt; color: #000000;\">Mrs. Natalia Rozkova (EST)<\/span><\/td><td><span style=\"font-size: 10pt; color: #000000;\">Ex 1, CACJ, NOM BIS<\/span><\/td><\/tr><tr><td><span style=\"font-size: 10pt; color: #000000;\">niedziela, 17 wrzesie\u0144 2017<\/span><\/td><td><span style=\"font-size: 10pt; color: #000000;\">SHK<\/span><\/td><td><span style=\"font-size: 10pt; color: #000000;\">Toru\u0144<\/span><\/td><td><span style=\"font-size: 10pt; color: #000000;\">Mrs. Edina Raposa (HU)<\/span><\/td><td><span style=\"font-size: 10pt; color: #000000;\">Ex 1, CACJ, NOM BIS<\/span><\/td><\/tr><tr><td><span style=\"font-size: 10pt; color: #000000;\">sobota, 7 pa\u017adziernik 2017<\/span><\/td><td><span style=\"font-size: 10pt; color: #000000;\">\u00a0PZF<\/span><\/td><td><span style=\"font-size: 10pt; color: #000000;\">Pruszk\u00f3w, Znicz<\/span><\/td><td><span style=\"font-size: 10pt; color: #000000;\">Mrs. Magdalena \u015awiatowiak (PL)<\/span><\/td><td><span style=\"font-size: 10pt; color: #000000;\">Ex 1% (change a 03), Ring Kitten 4\/21<\/span><\/td><\/tr><tr><td><span style=\"font-size: 10pt; color: #000000;\">niedziela, 8 pa\u017adziernik 2017<\/span><\/td><td><span style=\"font-size: 10pt; color: #000000;\">\u00a0PZF<\/span><\/td><td><span style=\"font-size: 10pt; color: #000000;\">Pruszk\u00f3w, Znicz<\/span><\/td><td><span style=\"font-size: 10pt; color: #000000;\">Mr. Kamil Kolczy\u0144ski (PL)<\/span><\/td><td><span style=\"font-size: 10pt; color: #000000;\">Ex 1, CACJ, NOM, BIS<\/span><\/td><\/tr><tr><td colspan=\"5\"><span style=\"font-size: 10pt; color: #000000;\"><strong>13 &#8211; OPEN CLASS UNNEUTER 10 MONTH+CAC &#8211; KLASA OTWARTA CERTYFIKAT\u00a0CAC<\/strong><\/span><\/td><\/tr><tr><td><span style=\"font-size: 10pt; color: #000000;\">sobota, 9 grudzie\u0144 2017<\/span><\/td><td><span style=\"font-size: 10pt; color: #000000;\">\u00a0PZF<\/span><\/td><td><span style=\"font-size: 10pt; color: #000000;\">Warszawa, Kr\u00f3la Maciusia 5<\/span><\/td><td><span style=\"font-size: 10pt; color: #000000;\">Mr. Andreas Kretschmer-Kraiczek (DE)<\/span><\/td><td><span style=\"font-size: 10pt; color: #000000;\">Ex 1, CAC, NOM BIS, BIS, BOB II<\/span><\/td><\/tr><tr><td><span style=\"font-size: 10pt; color: #000000;\">niedziela, 10 grudzie\u0144 2017<\/span><\/td><td><span style=\"font-size: 10pt; color: #000000;\">\u00a0PZF<\/span><\/td><td><span style=\"font-size: 10pt; color: #000000;\">Warszawa, Kr\u00f3la Maciusia 5<\/span><\/td><td><span style=\"font-size: 10pt; color: #000000;\">Mrs. Thea Lamprecht (RPA)<\/span><\/td><td><span style=\"font-size: 10pt; color: #000000;\">Ex 1, CAC, NOM BIS, BOB II, Ring Adult 3\/19<\/span><\/td><\/tr><tr><td><span style=\"font-size: 10pt; color: #000000;\">sobota, 13 stycze\u0144 2018<\/span><\/td><td><span style=\"font-size: 10pt; color: #000000;\">IBSCC<\/span><\/td><td><span style=\"font-size: 10pt; color: #000000;\">Warszawa, Piaseczno<\/span><\/td><td><span style=\"font-size: 10pt; color: #000000;\">Carl-Heinz Knelangen, DE<\/span><\/td><td><span style=\"font-size: 10pt; color: #000000;\">Ex 1, CAC, NOM BIS,<\/span><\/td><\/tr><tr><td colspan=\"5\"><span style=\"font-size: 10pt; color: #000000;\"><strong>11 &#8211; NATIONAL CHAMPION &#8211; KRAJOWY CHAMPION- CERTYFIKAT\u00a0CACIB<\/strong><\/span><\/td><\/tr><tr><td><span style=\"font-size: 10pt; color: #000000;\">niedziela, 14 stycze\u0144 2018<\/span><\/td><td><span style=\"font-size: 10pt; color: #000000;\">IBSCC<\/span><\/td><td><span style=\"font-size: 10pt; color: #000000;\">Warszawa, Piaseczno<\/span><\/td><td><span style=\"font-size: 10pt; color: #000000;\">Cornelia Hungerecker, DE<\/span><\/td><td><span style=\"font-size: 10pt; color: #000000;\">Ex 1, CACIB, NOM BIS, Ring Adult 10\/19<\/span><\/td><\/tr><\/tbody><\/table>\t\t\t\t\t\t\t\t<\/div>\n\t\t\t\t<\/div>\n\t\t\t\t\t<\/div>\n\t\t<\/div>\n\t\t\t\t\t<\/div>\n\t\t<\/section>\n\t\t\t\t<\/div>","protected":false},"excerpt":{"rendered":"<p>Cerilla &#8211; Wystawy data klub FIFe miasto s\u0119dzia tytu\u0142 12\u00a0&#8211; Klasa ( 4-7 m-cy) &#8211; koci\u0119ta sobota, 3 czerwiec 2017 KKF Krak\u00f3w Mrs. Pia Nyman, (FI) Ex 1, NOM niedziela, 4 czerwiec 2017 KKF Krak\u00f3w Mrs. Dorte Kaae (DK) Ex 1 sobota, 29 lipiec 2017 CCA Sopot Mr. Marcin Biernaczyk (PL) Ex 1 niedziela, 30 lipiec 2017 CCA Sopot Mrs. &hellip;<\/p>","protected":false},"author":1,"featured_media":0,"parent":0,"menu_order":0,"comment_status":"closed","ping_status":"closed","template":"blank-builder.php","meta":{"inline_featured_image":false,"footnotes":""},"class_list":["post-1690","page","type-page","status-publish","hentry"],"_links":{"self":[{"href":"https:\/\/aggiocat.pl\/en\/wp-json\/wp\/v2\/pages\/1690","targetHints":{"allow":["GET"]}}],"collection":[{"href":"https:\/\/aggiocat.pl\/en\/wp-json\/wp\/v2\/pages"}],"about":[{"href":"https:\/\/aggiocat.pl\/en\/wp-json\/wp\/v2\/types\/page"}],"author":[{"embeddable":true,"href":"https:\/\/aggiocat.pl\/en\/wp-json\/wp\/v2\/users\/1"}],"replies":[{"embeddable":true,"href":"https:\/\/aggiocat.pl\/en\/wp-json\/wp\/v2\/comments?post=1690"}],"version-history":[{"count":17,"href":"https:\/\/aggiocat.pl\/en\/wp-json\/wp\/v2\/pages\/1690\/revisions"}],"predecessor-version":[{"id":5867,"href":"https:\/\/aggiocat.pl\/en\/wp-json\/wp\/v2\/pages\/1690\/revisions\/5867"}],"wp:attachment":[{"href":"https:\/\/aggiocat.pl\/en\/wp-json\/wp\/v2\/media?parent=1690"}],"curies":[{"name":"wp","href":"https:\/\/api.w.org\/{rel}","templated":true}]}}