{"id":10856,"date":"2025-05-17T13:44:01","date_gmt":"2025-05-17T11:44:01","guid":{"rendered":"https:\/\/aggiocat.pl\/?page_id=10856"},"modified":"2025-05-21T16:10:37","modified_gmt":"2025-05-21T14:10:37","slug":"o-hodowli","status":"publish","type":"page","link":"https:\/\/aggiocat.pl\/en\/o-hodowli\/","title":{"rendered":"About Cattery"},"content":{"rendered":"<div data-elementor-type=\"wp-post\" data-elementor-id=\"10856\" class=\"elementor elementor-10856\" data-elementor-post-type=\"page\">\n\t\t\t\t\t\t<section class=\"elementor-section elementor-top-section elementor-element elementor-element-f98614b elementor-section-full_width elementor-section-height-default elementor-section-height-default\" data-id=\"f98614b\" data-element_type=\"section\" data-settings=\"{&quot;background_background&quot;:&quot;classic&quot;,&quot;shape_divider_bottom&quot;:&quot;wave-brush&quot;}\">\n\t\t\t\t\t\t\t<div class=\"elementor-background-overlay\"><\/div>\n\t\t\t\t\t\t<div class=\"elementor-shape elementor-shape-bottom\" data-negative=\"false\">\n\t\t\t<svg xmlns=\"http:\/\/www.w3.org\/2000\/svg\" viewbox=\"0 0 283.5 27.8\" preserveaspectratio=\"none\">\n\t<path class=\"elementor-shape-fill\" d=\"M283.5,9.7c0,0-7.3,4.3-14,4.6c-6.8,0.3-12.6,0-20.9-1.5c-11.3-2-33.1-10.1-44.7-5.7\ts-12.1,4.6-18,7.4c-6.6,3.2-20,9.6-36.6,9.3C131.6,23.5,99.5,7.2,86.3,8c-1.4,0.1-6.6,0.8-10.5,2c-3.8,1.2-9.4,3.8-17,4.7\tc-3.2,0.4-8.3,1.1-14.2,0.9c-1.5-0.1-6.3-0.4-12-1.6c-5.7-1.2-11-3.1-15.8-3.7C6.5,9.2,0,10.8,0,10.8V0h283.5V9.7z M260.8,11.3\tc-0.7-1-2-0.4-4.3-0.4c-2.3,0-6.1-1.2-5.8-1.1c0.3,0.1,3.1,1.5,6,1.9C259.7,12.2,261.4,12.3,260.8,11.3z M242.4,8.6\tc0,0-2.4-0.2-5.6-0.9c-3.2-0.8-10.3-2.8-15.1-3.5c-8.2-1.1-15.8,0-15.1,0.1c0.8,0.1,9.6-0.6,17.6,1.1c3.3,0.7,9.3,2.2,12.4,2.7\tC239.9,8.7,242.4,8.6,242.4,8.6z M185.2,8.5c1.7-0.7-13.3,4.7-18.5,6.1c-2.1,0.6-6.2,1.6-10,2c-3.9,0.4-8.9,0.4-8.8,0.5\tc0,0.2,5.8,0.8,11.2,0c5.4-0.8,5.2-1.1,7.6-1.6C170.5,14.7,183.5,9.2,185.2,8.5z M199.1,6.9c0.2,0-0.8-0.4-4.8,1.1\tc-4,1.5-6.7,3.5-6.9,3.7c-0.2,0.1,3.5-1.8,6.6-3C197,7.5,199,6.9,199.1,6.9z M283,6c-0.1,0.1-1.9,1.1-4.8,2.5s-6.9,2.8-6.7,2.7\tc0.2,0,3.5-0.6,7.4-2.5C282.8,6.8,283.1,5.9,283,6z M31.3,11.6c0.1-0.2-1.9-0.2-4.5-1.2s-5.4-1.6-7.8-2C15,7.6,7.3,8.5,7.7,8.6\tC8,8.7,15.9,8.3,20.2,9.3c2.2,0.5,2.4,0.5,5.7,1.6S31.2,11.9,31.3,11.6z M73,9.2c0.4-0.1,3.5-1.6,8.4-2.6c4.9-1.1,8.9-0.5,8.9-0.8\tc0-0.3-1-0.9-6.2-0.3S72.6,9.3,73,9.2z M71.6,6.7C71.8,6.8,75,5.4,77.3,5c2.3-0.3,1.9-0.5,1.9-0.6c0-0.1-1.1-0.2-2.7,0.2\tC74.8,5.1,71.4,6.6,71.6,6.7z M93.6,4.4c0.1,0.2,3.5,0.8,5.6,1.8c2.1,1,1.8,0.6,1.9,0.5c0.1-0.1-0.8-0.8-2.4-1.3\tC97.1,4.8,93.5,4.2,93.6,4.4z M65.4,11.1c-0.1,0.3,0.3,0.5,1.9-0.2s2.6-1.3,2.2-1.2s-0.9,0.4-2.5,0.8C65.3,10.9,65.5,10.8,65.4,11.1\tz M34.5,12.4c-0.2,0,2.1,0.8,3.3,0.9c1.2,0.1,2,0.1,2-0.2c0-0.3-0.1-0.5-1.6-0.4C36.6,12.8,34.7,12.4,34.5,12.4z M152.2,21.1\tc-0.1,0.1-2.4-0.3-7.5-0.3c-5,0-13.6-2.4-17.2-3.5c-3.6-1.1,10,3.9,16.5,4.1C150.5,21.6,152.3,21,152.2,21.1z\"\/>\n\t<path class=\"elementor-shape-fill\" d=\"M269.6,18c-0.1-0.1-4.6,0.3-7.2,0c-7.3-0.7-17-3.2-16.6-2.9c0.4,0.3,13.7,3.1,17,3.3\tC267.7,18.8,269.7,18,269.6,18z\"\/>\n\t<path class=\"elementor-shape-fill\" d=\"M227.4,9.8c-0.2-0.1-4.5-1-9.5-1.2c-5-0.2-12.7,0.6-12.3,0.5c0.3-0.1,5.9-1.8,13.3-1.2\tS227.6,9.9,227.4,9.8z\"\/>\n\t<path class=\"elementor-shape-fill\" d=\"M204.5,13.4c-0.1-0.1,2-1,3.2-1.1c1.2-0.1,2,0,2,0.3c0,0.3-0.1,0.5-1.6,0.4\tC206.4,12.9,204.6,13.5,204.5,13.4z\"\/>\n\t<path class=\"elementor-shape-fill\" d=\"M201,10.6c0-0.1-4.4,1.2-6.3,2.2c-1.9,0.9-6.2,3.1-6.1,3.1c0.1,0.1,4.2-1.6,6.3-2.6\tS201,10.7,201,10.6z\"\/>\n\t<path class=\"elementor-shape-fill\" d=\"M154.5,26.7c-0.1-0.1-4.6,0.3-7.2,0c-7.3-0.7-17-3.2-16.6-2.9c0.4,0.3,13.7,3.1,17,3.3\tC152.6,27.5,154.6,26.8,154.5,26.7z\"\/>\n\t<path class=\"elementor-shape-fill\" d=\"M41.9,19.3c0,0,1.2-0.3,2.9-0.1c1.7,0.2,5.8,0.9,8.2,0.7c4.2-0.4,7.4-2.7,7-2.6\tc-0.4,0-4.3,2.2-8.6,1.9c-1.8-0.1-5.1-0.5-6.7-0.4S41.9,19.3,41.9,19.3z\"\/>\n\t<path class=\"elementor-shape-fill\" d=\"M75.5,12.6c0.2,0.1,2-0.8,4.3-1.1c2.3-0.2,2.1-0.3,2.1-0.5c0-0.1-1.8-0.4-3.4,0\tC76.9,11.5,75.3,12.5,75.5,12.6z\"\/>\n\t<path class=\"elementor-shape-fill\" d=\"M15.6,13.2c0-0.1,4.3,0,6.7,0.5c2.4,0.5,5,1.9,5,2c0,0.1-2.7-0.8-5.1-1.4\tC19.9,13.7,15.7,13.3,15.6,13.2z\"\/>\n<\/svg>\t\t<\/div>\n\t\t\t\t\t<div class=\"elementor-container elementor-column-gap-no\">\n\t\t\t\t\t<div class=\"elementor-column elementor-col-100 elementor-top-column elementor-element elementor-element-473face\" data-id=\"473face\" data-element_type=\"column\">\n\t\t\t<div class=\"elementor-widget-wrap elementor-element-populated\">\n\t\t\t\t\t\t<div class=\"elementor-element elementor-element-b6d856d elementor-widget elementor-widget-heading\" data-id=\"b6d856d\" data-element_type=\"widget\" data-widget_type=\"heading.default\">\n\t\t\t\t<div class=\"elementor-widget-container\">\n\t\t\t\t\t<h2 class=\"elementor-heading-title elementor-size-default\">About Cattery<\/h2>\t\t\t\t<\/div>\n\t\t\t\t<\/div>\n\t\t\t\t\t<\/div>\n\t\t<\/div>\n\t\t\t\t\t<\/div>\n\t\t<\/section>\n\t\t\t\t<section class=\"elementor-section elementor-top-section elementor-element elementor-element-0c0a1e1 elementor-section-boxed elementor-section-height-default elementor-section-height-default\" data-id=\"0c0a1e1\" data-element_type=\"section\" data-settings=\"{&quot;background_background&quot;:&quot;classic&quot;,&quot;shape_divider_bottom&quot;:&quot;waves&quot;}\">\n\t\t\t\t\t<div class=\"elementor-shape elementor-shape-bottom\" data-negative=\"false\">\n\t\t\t<svg xmlns=\"http:\/\/www.w3.org\/2000\/svg\" viewbox=\"0 0 1000 100\" preserveaspectratio=\"none\">\n\t<path class=\"elementor-shape-fill\" d=\"M421.9,6.5c22.6-2.5,51.5,0.4,75.5,5.3c23.6,4.9,70.9,23.5,100.5,35.7c75.8,32.2,133.7,44.5,192.6,49.7\tc23.6,2.1,48.7,3.5,103.4-2.5c54.7-6,106.2-25.6,106.2-25.6V0H0v30.3c0,0,72,32.6,158.4,30.5c39.2-0.7,92.8-6.7,134-22.4\tc21.2-8.1,52.2-18.2,79.7-24.2C399.3,7.9,411.6,7.5,421.9,6.5z\"\/>\n<\/svg>\t\t<\/div>\n\t\t\t\t\t<div class=\"elementor-container elementor-column-gap-no\">\n\t\t\t\t\t<div class=\"elementor-column elementor-col-100 elementor-top-column elementor-element elementor-element-d083a72\" data-id=\"d083a72\" data-element_type=\"column\">\n\t\t\t<div class=\"elementor-widget-wrap elementor-element-populated\">\n\t\t\t\t\t\t<section class=\"elementor-section elementor-inner-section elementor-element elementor-element-1f483de elementor-section-content-middle elementor-section-boxed elementor-section-height-default elementor-section-height-default\" data-id=\"1f483de\" data-element_type=\"section\">\n\t\t\t\t\t\t<div class=\"elementor-container elementor-column-gap-wider\">\n\t\t\t\t\t<div class=\"elementor-column elementor-col-50 elementor-inner-column elementor-element elementor-element-4aa095c\" data-id=\"4aa095c\" data-element_type=\"column\">\n\t\t\t<div class=\"elementor-widget-wrap elementor-element-populated\">\n\t\t\t\t\t\t<div class=\"elementor-element elementor-element-774783e elementor-invisible elementor-widget elementor-widget-gerlong-title\" data-id=\"774783e\" data-element_type=\"widget\" data-settings=\"{&quot;_animation&quot;:&quot;fadeInDown&quot;}\" data-widget_type=\"gerlong-title.default\">\n\t\t\t\t<div class=\"elementor-widget-container\">\n\t\t\t\t\t<h2 class=\"content-title\">About Cattery<\/h2>\t\t\t\t<\/div>\n\t\t\t\t<\/div>\n\t\t\t\t<div class=\"elementor-element elementor-element-37701d4 elementor-widget elementor-widget-text-editor\" data-id=\"37701d4\" data-element_type=\"widget\" data-widget_type=\"text-editor.default\">\n\t\t\t\t<div class=\"elementor-widget-container\">\n\t\t\t\t\t\t\t\t\t<p>\ud83d\udc3e <strong>\u00a0Aggio Cat*PL<\/strong> is a home-based cattery of Canadian Sphynx cats, passionately promoting this extraordinary breed at both national and international cat shows.\nWe love Sphynxes for their affection, intelligence, and unique beauty \u2013 and these are exactly the qualities we strive to nurture in our breeding work.<\/p><p>Our goal is to raise healthy, mentally balanced, and well-socialized kittens, with a type as close as possible to the breed standard, while taking into account modern standards and trends.<br \/>We do not breed or support so-called \"designer variations\" such as Elf, Dwelf, or Bambino.<\/p><p>\u2764\ufe0f <span style=\"color: #008000;\">Every year, we perform heart ultrasounds (echocardiography) on the parents of our kittens to screen for HCM \u2013 hypertrophic cardiomyopathy.<\/span><br \/>\ud83e\uddec <span style=\"color: #008000;\">All breeding cats have genetic tests performed (<a href=\"https:\/\/www.wisdompanel.com\/en-us\">Wisdom Panel<\/a>), which ensures that our litters are free from hereditary diseases.<\/span><\/p><p>Our cats are full-fledged members of the family. Kittens grow up with us, are cuddled, carried in our arms, sleep with us and accompany us in our daily lives. We accustom them to care, home sounds and human proximity - that is why they leave our home as self-confident, trusting and ready for life in a new environment.<\/p><p>We do not hand over kittens to random people. We make sure that each kitten goes to a responsible owner with whom it will create a deep and lasting bond.<\/p><p>\u2705 In our cattery we only sell cats with pedigree - because \"<strong>purebred = \"pedigree\"<\/strong>\u201d.<br \/><span style=\"color: #3366ff;\"><strong>We operate legally, ethically and transparently.<\/strong><\/span><\/p><p><strong>\ud83d\udcd1 Registrations and Memberships:<\/strong><\/p><ul><li>Elite Purebred Cat Club (<a href=\"http:\/\/www.ekkr.waw.pl\/?hodowle-w-ekkr\">EKKR<\/a> \u2013 FPL \u2013 FIFe)<\/li><li>Polish Felinological Association (<a href=\"https:\/\/www.pzf.pl\/pl\/hodowle\">\u00a0PZF<\/a> \u2013 WCF)<\/li><li>District Veterinary Inspectorate in Warsaw, identification number: 146571112<\/li><\/ul><p>\u00a0<\/p><p><strong>If you are looking for a loving, unique and healthy Sphynx who will be your companion through thick and thin \u2013 you are in the right place.<\/strong> \ud83d\udc99<\/p>\t\t\t\t\t\t\t\t<\/div>\n\t\t\t\t<\/div>\n\t\t\t\t<div class=\"elementor-element elementor-element-878db57 elementor-align-left elementor-tablet-align-center elementor-mobile-align-center elementor-widget elementor-widget-button\" data-id=\"878db57\" data-element_type=\"widget\" data-widget_type=\"button.default\">\n\t\t\t\t<div class=\"elementor-widget-container\">\n\t\t\t\t\t\t\t\t\t<div class=\"elementor-button-wrapper\">\n\t\t\t\t\t<a class=\"elementor-button elementor-button-link elementor-size-md elementor-animation-grow\" href=\"https:\/\/aggiocat.pl\/en\/o-mnie\/\">\n\t\t\t\t\t\t<span class=\"elementor-button-content-wrapper\">\n\t\t\t\t\t\t<span class=\"elementor-button-icon\">\n\t\t\t\t<i aria-hidden=\"true\" class=\"far fa-grin\"><\/i>\t\t\t<\/span>\n\t\t\t\t\t\t\t\t\t<span class=\"elementor-button-text\">About Me<\/span>\n\t\t\t\t\t<\/span>\n\t\t\t\t\t<\/a>\n\t\t\t\t<\/div>\n\t\t\t\t\t\t\t\t<\/div>\n\t\t\t\t<\/div>\n\t\t\t\t\t<\/div>\n\t\t<\/div>\n\t\t\t\t<div class=\"elementor-column elementor-col-50 elementor-inner-column elementor-element elementor-element-ccb24b4\" data-id=\"ccb24b4\" data-element_type=\"column\">\n\t\t\t<div class=\"elementor-widget-wrap elementor-element-populated\">\n\t\t\t\t\t\t<div class=\"elementor-element elementor-element-206b5ec elementor-widget elementor-widget-image\" data-id=\"206b5ec\" data-element_type=\"widget\" data-widget_type=\"image.default\">\n\t\t\t\t<div class=\"elementor-widget-container\">\n\t\t\t\t\t\t\t\t\t\t\t\t\t\t\t<img decoding=\"async\" src=\"https:\/\/aggiocat.pl\/wp-content\/uploads\/elementor\/thumbs\/logoaggiocatcat-ntjepzux77urmm1q66854rd2b2v5xuezq2ev1j0iru.png\" title=\"logoaggiocatcat\" alt=\"logoaggiocatcat\" class=\"elementor-animation-bounce-in\" loading=\"lazy\" \/>\t\t\t\t\t\t\t\t\t\t\t\t\t\t\t<\/div>\n\t\t\t\t<\/div>\n\t\t\t\t\t<\/div>\n\t\t<\/div>\n\t\t\t\t\t<\/div>\n\t\t<\/section>\n\t\t\t\t\t<\/div>\n\t\t<\/div>\n\t\t\t\t\t<\/div>\n\t\t<\/section>\n\t\t\t\t<section class=\"elementor-section elementor-top-section elementor-element elementor-element-a2ce6f6 elementor-section-stretched elementor-section-content-middle elementor-section-boxed elementor-section-height-default elementor-section-height-default\" data-id=\"a2ce6f6\" data-element_type=\"section\" data-settings=\"{&quot;stretch_section&quot;:&quot;section-stretched&quot;}\">\n\t\t\t\t\t\t<div class=\"elementor-container elementor-column-gap-default\">\n\t\t\t\t\t<div class=\"elementor-column elementor-col-100 elementor-top-column elementor-element elementor-element-d3179e6\" data-id=\"d3179e6\" data-element_type=\"column\">\n\t\t\t<div class=\"elementor-widget-wrap elementor-element-populated\">\n\t\t\t\t\t\t\t<\/div>\n\t\t<\/div>\n\t\t\t\t\t<\/div>\n\t\t<\/section>\n\t\t\t\t<section class=\"elementor-section elementor-top-section elementor-element elementor-element-5ec80f2 elementor-section-stretched elementor-section-full_width elementor-section-height-default elementor-section-height-default\" data-id=\"5ec80f2\" data-element_type=\"section\" data-settings=\"{&quot;stretch_section&quot;:&quot;section-stretched&quot;}\">\n\t\t\t\t\t\t<div class=\"elementor-container elementor-column-gap-no\">\n\t\t\t\t\t<div class=\"elementor-column elementor-col-100 elementor-top-column elementor-element elementor-element-c497be4\" data-id=\"c497be4\" data-element_type=\"column\">\n\t\t\t<div class=\"elementor-widget-wrap elementor-element-populated\">\n\t\t\t\t\t\t<div class=\"elementor-element elementor-element-5512883 elementor-widget elementor-widget-wp-widget-elfsight-instagram-feed\" data-id=\"5512883\" data-element_type=\"widget\" data-widget_type=\"wp-widget-elfsight-instagram-feed.default\">\n\t\t\t\t<div class=\"elementor-widget-container\">\n\t\t\t\t\t<div class=\"elfsight-widget-instagram-feed elfsight-widget\" data-elfsight-instagram-feed-options=\"%7B%22source%22%3A%5B%22%40aggiocat%22%2C%22https%3A%5C%2F%5C%2Fwww.instagram.com%5C%2Faggiocat%5C%2F%22%5D%2C%22filterOnly%22%3A%5B%5D%2C%22filterExcept%22%3A%5B%5D%2C%22limit%22%3A252%2C%22layout%22%3A%22slider%22%2C%22postTemplate%22%3A%22tile%22%2C%22columns%22%3A5%2C%22rows%22%3A1%2C%22gutter%22%3A0%2C%22responsive%22%3A%5B%7B%22minWidth%22%3A375%2C%22columns%22%3A1%2C%22rows%22%3A1%2C%22gutter%22%3A%220%22%7D%2C%7B%22minWidth%22%3A768%2C%22columns%22%3A3%2C%22rows%22%3A2%2C%22gutter%22%3A%220%22%7D%5D%2C%22width%22%3A%22auto%22%2C%22callToActionButtons%22%3A%5B%7B%22postUrl%22%3A%22https%3A%5C%2F%5C%2Fwww.instagram.com%5C%2Fp%5C%2FBcknqVZHtD3%5C%2F%22%2C%22buttonLabel%22%3A%22Install%20Instagram%20Feed%20now%22%2C%22buttonLink%22%3A%22https%3A%5C%2F%5C%2Felfsight.com%5C%2Finstagram-feed-instashow%5C%2F%22%7D%2C%7B%22postUrl%22%3A%22https%3A%5C%2F%5C%2Fwww.instagram.com%5C%2Fp%5C%2FBbSBRarnOik%5C%2F%22%2C%22buttonLabel%22%3A%22Install%20Instagram%20Feed%20now%22%2C%22buttonLink%22%3A%22https%3A%5C%2F%5C%2Felfsight.com%5C%2Finstagram-feed-instashow%5C%2F%22%7D%2C%7B%22postUrl%22%3A%22https%3A%5C%2F%5C%2Fwww.instagram.com%5C%2Fp%5C%2FBa9NwWLHaEx%5C%2F%22%2C%22buttonLabel%22%3A%22Install%20Instagram%20Feed%20now%22%2C%22buttonLink%22%3A%22https%3A%5C%2F%5C%2Felfsight.com%5C%2Finstagram-feed-instashow%5C%2F%22%7D%5D%2C%22postElements%22%3A%5B%22user%22%2C%22date%22%2C%22instagramLink%22%2C%22likesCount%22%2C%22commentsCount%22%2C%22share%22%2C%22text%22%5D%2C%22popupElements%22%3A%5B%22user%22%2C%22location%22%2C%22followButton%22%2C%22instagramLink%22%2C%22likesCount%22%2C%22share%22%2C%22text%22%2C%22comments%22%2C%22date%22%5D%2C%22imageClickAction%22%3A%22popup%22%2C%22sliderArrows%22%3Atrue%2C%22sliderDrag%22%3Atrue%2C%22sliderSpeed%22%3A0.6%2C%22sliderAutoplay%22%3A%22%22%2C%22colorScheme%22%3A%22default%22%2C%22colorPostOverlayBg%22%3A%22rgba%280%2C%200%2C%200%2C%200.8%29%22%2C%22colorPostOverlayText%22%3A%22rgb%28255%2C%20255%2C%20255%29%22%2C%22colorPostBg%22%3A%22rgb%28255%2C%20255%2C%20255%29%22%2C%22colorPostText%22%3A%22rgb%280%2C%200%2C%200%29%22%2C%22colorPostLinks%22%3A%22rgb%280%2C%2053%2C%20107%29%22%2C%22colorSliderArrows%22%3A%22rgb%28255%2C%20255%2C%20255%29%22%2C%22colorSliderArrowsBg%22%3A%22rgba%280%2C%200%2C%200%2C%200.9%29%22%2C%22colorGridLoadMoreButton%22%3A%22rgb%2856%2C%20151%2C%20240%29%22%2C%22colorPopupOverlay%22%3A%22rgba%2843%2C%2043%2C%2043%2C%200.9%29%22%2C%22colorPopupBg%22%3A%22rgb%28255%2C%20255%2C%20255%29%22%2C%22colorPopupText%22%3A%22rgb%280%2C%200%2C%200%29%22%2C%22colorPopupLinks%22%3A%22rgb%280%2C%2053%2C%20105%29%22%2C%22colorPopupFollowButton%22%3A%22rgb%2856%2C%20151%2C%20240%29%22%2C%22colorPopupCtaButton%22%3A%22rgb%2856%2C%20151%2C%20240%29%22%2C%22widgetTitle%22%3A%22%22%2C%22lang%22%3A%22pl%22%2C%22cacheTime%22%3A300%2C%22api%22%3A%22https%3A%5C%2F%5C%2Faggiocat.pl%5C%2Fwp-content%5C%2Fplugins%5C%2Felfsight-instagram-feed-cc%5C%2Fapi%5C%2Findex.php%22%7D\"><\/div>\t\t\t\t<\/div>\n\t\t\t\t<\/div>\n\t\t\t\t\t<\/div>\n\t\t<\/div>\n\t\t\t\t\t<\/div>\n\t\t<\/section>\n\t\t\t\t<section class=\"elementor-section elementor-top-section elementor-element elementor-element-72f90c3 elementor-section-boxed elementor-section-height-default elementor-section-height-default\" data-id=\"72f90c3\" data-element_type=\"section\">\n\t\t\t\t\t\t<div class=\"elementor-container elementor-column-gap-default\">\n\t\t\t\t\t<div class=\"elementor-column elementor-col-100 elementor-top-column elementor-element elementor-element-ca0f867\" data-id=\"ca0f867\" data-element_type=\"column\">\n\t\t\t<div class=\"elementor-widget-wrap elementor-element-populated\">\n\t\t\t\t\t\t<div class=\"elementor-element elementor-element-2fdde5f elementor-widget elementor-widget-rdn-slider\" data-id=\"2fdde5f\" data-element_type=\"widget\" data-settings=\"{&quot;slider_speed&quot;:5000}\" data-widget_type=\"rdn-slider.default\">\n\t\t\t\t<div class=\"elementor-widget-container\">\n\t\t\t\t\t        \r\n        \r\n        <div class=\"slider home-slider  ani-slider  clearfix\" data-slick='{\"autoplaySpeed\": 5000}'>\r\n        \r\n\t\t\t                \r\n                <div class=\"item slide clearfix\">\r\n                \r\n                  <div class=\"slider-img-bg\" data-animation=\"puffIn\" data-delay=\"0.2s\" data-animation-duration=\"0.7s\"  \r\n                  style=\"background-image:url();\" ><\/div>\r\n                  \r\n                  <div class=\"slider-mask\" data-animation=\"slideUpReturn\" data-delay=\"0.1s\"><\/div>\r\n                  \r\n                  <div class=\"caption-box clearfix\">\r\n                      \r\n                      <div class=\"slider-box container-fluid\">\r\n                      <div class=\"slider-content\">\r\n                      \r\n                      \t                            <p class=\"slider-subtitle\" data-animation=\"fadeIn\" data-delay=\"1.5s\">\r\n                              Welcome to                          <\/p>\r\n                                                    \r\n                          <div class=\"slider-hidden\">\r\n                              <h3 class=\"slider-title\" data-animation=\"fadeInUp\" data-delay=\"0.8s\">Sphynx<br>Cattery<\/h3>\r\n                          <\/div><!--\/.slider-hidden-->\r\n                          \r\n                                                    \r\n                                                    \r\n                                                        <div class=\"btn-relative\" data-animation=\"swashIn\" data-delay=\"1.8s\" data-animation-duration=\"1s\">\r\n                                <a class=\"slider-btn\" href=\"https:\/\/aggiocat.pl\/en\/kocieta\/\">                                 \tWe have Kittens                                 <\/a> \r\n                              <\/div><!--\/.btn-relative-->\r\n                                                        \r\n                      <\/div><!--\/.slider-content-->\r\n                  <\/div><!--\/.slider-box-->\r\n                  \r\n                     \r\n                      \r\n                  <\/div><!--\/.caption-box-->\r\n                <\/div><!--\/.slide-->\r\n\t\t\t\t\r\n\t\t\t\t\t\t<\/div>\r\n\t\t\r\n\t\t\r\n\t\t\t\t\t\t<\/div>\n\t\t\t\t<\/div>\n\t\t\t\t<div class=\"elementor-element elementor-element-f1a1f04 elementor-widget elementor-widget-html\" data-id=\"f1a1f04\" data-element_type=\"widget\" data-widget_type=\"html.default\">\n\t\t\t\t<div class=\"elementor-widget-container\">\n\t\t\t\t\t<a href=\"http:\/\/s11.flagcounter.com\/more\/I4q\"><img decoding=\"async\" src=\"https:\/\/s11.flagcounter.com\/count2\/I4q\/bg_FFFFFF\/txt_000000\/border_CCCCCC\/columns_2\/maxflags_10\/viewers_0\/labels_0\/pageviews_0\/flags_0\/percent_0\/\" alt=\"Flag Counter\" border=\"0\"><\/a>\t\t\t\t<\/div>\n\t\t\t\t<\/div>\n\t\t\t\t\t<\/div>\n\t\t<\/div>\n\t\t\t\t\t<\/div>\n\t\t<\/section>\n\t\t\t\t<\/div>","protected":false},"excerpt":{"rendered":"<p>O HODOWLI O Hodowli \ud83d\udc3e Aggio Cat*PL to domowa hodowla kot\u00f3w rasy sfinks (kanadyjski), kt\u00f3ra z pasj\u0105 promuje t\u0119 niezwyk\u0142\u0105 ras\u0119 zar\u00f3wno na krajowych, jak i mi\u0119dzynarodowych wystawach. Kochamy sfinksy za ich czu\u0142o\u015b\u0107, inteligencj\u0119 i wyj\u0105tkow\u0105 urod\u0119 \u2013 i w\u0142a\u015bnie takie cechy staramy si\u0119 piel\u0119gnowa\u0107 w naszej pracy hodowlanej. Naszym celem jest wychowanie zdrowych, zr\u00f3wnowa\u017conych psychicznie i doskonale zsocjalizowanych koci\u0105t, &hellip;<\/p>","protected":false},"author":1,"featured_media":0,"parent":0,"menu_order":0,"comment_status":"closed","ping_status":"closed","template":"blank-builder.php","meta":{"inline_featured_image":false,"footnotes":""},"class_list":["post-10856","page","type-page","status-publish","hentry"],"_links":{"self":[{"href":"https:\/\/aggiocat.pl\/en\/wp-json\/wp\/v2\/pages\/10856","targetHints":{"allow":["GET"]}}],"collection":[{"href":"https:\/\/aggiocat.pl\/en\/wp-json\/wp\/v2\/pages"}],"about":[{"href":"https:\/\/aggiocat.pl\/en\/wp-json\/wp\/v2\/types\/page"}],"author":[{"embeddable":true,"href":"https:\/\/aggiocat.pl\/en\/wp-json\/wp\/v2\/users\/1"}],"replies":[{"embeddable":true,"href":"https:\/\/aggiocat.pl\/en\/wp-json\/wp\/v2\/comments?post=10856"}],"version-history":[{"count":14,"href":"https:\/\/aggiocat.pl\/en\/wp-json\/wp\/v2\/pages\/10856\/revisions"}],"predecessor-version":[{"id":11222,"href":"https:\/\/aggiocat.pl\/en\/wp-json\/wp\/v2\/pages\/10856\/revisions\/11222"}],"wp:attachment":[{"href":"https:\/\/aggiocat.pl\/en\/wp-json\/wp\/v2\/media?parent=10856"}],"curies":[{"name":"wp","href":"https:\/\/api.w.org\/{rel}","templated":true}]}}